{"id":115,"date":"2012-06-26T10:59:47","date_gmt":"2012-06-26T10:59:47","guid":{"rendered":"http:\/\/tekinformatica.pt\/?page_id=115"},"modified":"2017-04-06T10:55:43","modified_gmt":"2017-04-06T10:55:43","slug":"sage-retail","status":"publish","type":"page","link":"https:\/\/www.interpc.pt\/?page_id=115","title":{"rendered":"Sage Gest\u00e3o Comercial\/Retail"},"content":{"rendered":"<div><strong>Desenvolvida e projectada para responder eficazmente \u00e0s necessidades do sector do Retalho<\/strong><strong>.<br \/>\n<\/strong><br \/>\nA aplica\u00e7\u00e3o <strong>Sage GesPOS <\/strong>alterou o seu nome para <strong>Sage Retail<\/strong>. O aplicativo mant\u00e9m todas as funcionalidades da aplica\u00e7\u00e3o GesPOS, estando o novo produto j\u00e1 certificado pela DGCI.<\/div>\n<p>O <strong>Sage Retail<\/strong>\u00a0est\u00e1 vocacionado para qualquer PME em termos de <strong>Gest\u00e3o Comercial standard <\/strong>e optimizado para <strong>empresas de Com\u00e9rcio a Retalho e Restaura\u00e7\u00e3o<\/strong>, respondendo eficazmente \u00e0s necessidades de empresas como <strong>Supermercados, Lavandarias, Lojas, Talhos, Perfumarias, Padarias\/Pastelarias ou Papelarias, Restaurantes<\/strong>, etc.<\/p>\n<p>A prova do resultado e da efic\u00e1cia desta linha s\u00e3o os seus <strong>39.000 utilizadores<\/strong>.<\/p>\n<table border=\"0\" width=\"450\" cellspacing=\"1\" cellpadding=\"1\">\n<tbody>\n<tr>\n<td valign=\"top\" width=\"215\"><img loading=\"lazy\" decoding=\"async\" src=\"http:\/\/www.sage.pt\/UI\/Pics\/Image\/Utensilios\/bullet_big_02.gif\" alt=\"\" width=\"15\" height=\"15\" \/>\u00a0 <strong>Produtos<\/strong><\/p>\n<div><\/div>\n<ul>\n<li><a href=\"http:\/\/www.sage.pt\/Default.aspx?action=ArticleViewer&amp;target=959&amp;m=444\">Caracter\u00edsticas Gerais<\/a><\/li>\n<li><a href=\"http:\/\/www.sage.pt\/Default.aspx?action=ArticleViewer&amp;target=962&amp;m=444\">Gest\u00e3o Comercial<\/a><\/li>\n<\/ul>\n<p><img loading=\"lazy\" decoding=\"async\" src=\"http:\/\/www.sage.pt\/UI\/Pics\/Image\/Utensilios\/bullet_big_02.gif\" alt=\"\" width=\"15\" height=\"15\" \/>\u00a0 <strong>Outros Produtos<\/strong><\/p>\n<ul>\n<li><a href=\"http:\/\/www.sage.pt\/Default.aspx?action=ArticleViewer&amp;target=967&amp;m=444\">GesFiliais &#8211; Concentrador de Loja <\/a><\/li>\n<li><a href=\"http:\/\/www.sage.pt\/Default.aspx?action=ArticleViewer&amp;target=968&amp;m=444\">Autovenda &#8211; PDA e Tablet PC <\/a><\/li>\n<li><a href=\"http:\/\/www.sage.pt\/Default.aspx?action=ArticleViewer&amp;target=969&amp;m=444\">Video Vigil\u00e2ncia <\/a><\/li>\n<li><a href=\"http:\/\/www.sage.pt\/Default.aspx?action=ArticleViewer&amp;target=970&amp;m=444\">AdsViewer<\/a><\/li>\n<li><a href=\"http:\/\/www.sage.pt\/Default.aspx?action=ArticleViewer&amp;target=971&amp;m=444\">PriceCheck<\/a><\/li>\n<li><a href=\"http:\/\/www.sage.pt\/Default.aspx?action=ArticleViewer&amp;target=972&amp;m=444\">PowerOn <\/a><\/li>\n<\/ul>\n<\/td>\n<td width=\"20\"><\/td>\n<td valign=\"top\"><img loading=\"lazy\" decoding=\"async\" src=\"http:\/\/www.sage.pt\/UI\/Pics\/Image\/Utensilios\/bullet_big_02.gif\" alt=\"\" width=\"15\" height=\"15\" \/>\u00a0 <strong>Sectores de Actividade<br \/>\n<\/strong><strong><br \/>\n<\/strong><\/p>\n<div><\/div>\n<ul>\n<li><a href=\"http:\/\/www.sage.pt\/Default.aspx?action=ArticleViewer&amp;target=974&amp;m=444\">Boutiques<\/a><\/li>\n<li><a href=\"http:\/\/www.sage.pt\/Default.aspx?action=ArticleViewer&amp;target=975&amp;m=444\">Sapatarias<\/a><\/li>\n<li><a href=\"http:\/\/www.sage.pt\/Default.aspx?action=ArticleViewer&amp;target=976&amp;m=444\">Supermercados<\/a><\/li>\n<li><a href=\"http:\/\/www.sage.pt\/Default.aspx?action=ArticleViewer&amp;target=977&amp;m=444\">Perfumarias<\/a><\/li>\n<li><a href=\"http:\/\/www.sage.pt\/Default.aspx?action=ArticleViewer&amp;target=978&amp;m=444\">Talhos<\/a><\/li>\n<li><a href=\"http:\/\/www.sage.pt\/Default.aspx?action=ArticleViewer&amp;target=979&amp;m=444\">Aven\u00e7as<\/a><\/li>\n<li><a href=\"http:\/\/www.sage.pt\/Default.aspx?action=ArticleViewer&amp;target=980&amp;m=444\">Papelarias\/ Quiosques<\/a><\/li>\n<li><a href=\"http:\/\/www.sage.pt\/Default.aspx?action=ArticleViewer&amp;target=981&amp;m=444\">Lojas de Desporto<\/a><\/li>\n<li><a href=\"http:\/\/www.sage.pt\/Default.aspx?action=ArticleViewer&amp;target=982&amp;m=444\">Lavandarias<\/a><\/li>\n<li><a href=\"http:\/\/www.sage.pt\/Default.aspx?action=ArticleViewer&amp;target=973&amp;m=444\">Oficinas<\/a><\/li>\n<\/ul>\n<\/td>\n<\/tr>\n<\/tbody>\n<\/table>\n<p>&nbsp;<\/p>\n<div><\/div>\n<hr \/>\n<table border=\"0\" width=\"450\" cellspacing=\"1\" cellpadding=\"1\">\n<tbody>\n<tr>\n<td valign=\"top\" width=\"215\"><img loading=\"lazy\" decoding=\"async\" src=\"http:\/\/www.sage.pt\/UI\/Pics\/Image\/Utensilios\/bullet_big_02.gif\" alt=\"\" width=\"15\" height=\"15\" \/>\u00a0<strong> Destaques<br \/>\n<\/strong><\/p>\n<div><\/div>\n<ul>\n<li><a href=\"http:\/\/www.sage.pt\/Default.aspx?action=ArticleViewer&amp;target=952&amp;code=3&amp;m=444\"><strong>Associa\u00e7\u00f5es <\/strong>sem Fins Lucrativos \/ Ass. Recreativas \/ Ass. Desportivas <\/a><\/li>\n<li><a href=\"http:\/\/www.sage.pt\/Default.aspx?action=ArticleViewer&amp;target=952&amp;code=3&amp;m=444\"><strong>Power On <\/strong>&#8211; Sistema que permite continuar a movimentar localmente em caso de falha de rede ou servidor.<\/a><\/li>\n<\/ul>\n<p><a href=\"http:\/\/www.sage.pt\/Default.aspx?action=ArticleViewer&amp;target=952&amp;code=3&amp;m=444\">ver mais&#8230;<img loading=\"lazy\" decoding=\"async\" src=\"http:\/\/www.sage.pt\/UI\/Pics\/Image\/Utensilios\/bt_highlight_open.gif\" alt=\"\" width=\"12\" height=\"12\" border=\"0\" \/><\/a><\/td>\n<td width=\"20\"><\/td>\n<td valign=\"top\"><img loading=\"lazy\" decoding=\"async\" src=\"http:\/\/www.sage.pt\/UI\/Pics\/Image\/Utensilios\/bullet_big_02.gif\" alt=\"\" width=\"15\" height=\"15\" \/>\u00a0 <strong>Noticias<br \/>\n<\/strong><strong><br \/>\n<\/strong><\/p>\n<div><\/div>\n<ul>\n<li>Conhe\u00e7a a Vers\u00e3o 2011 do Sage GesPos\/ Sage Retail<br \/>\n<a href=\"http:\/\/www.sage.pt\/POS\/SageRetail\/SageRetail2011\/SageRetail2011.html\" target=\"_blank\">Ver mais&#8230;<\/a> <a href=\"http:\/\/www.sage.pt\/POS\/Gespos2010_fase2\/index.html\" target=\"_blank\"><img loading=\"lazy\" decoding=\"async\" src=\"http:\/\/www.sage.pt\/UI\/Pics\/Image\/Utensilios\/bt_highlight_open.gif\" alt=\"\" width=\"12\" height=\"12\" border=\"0\" \/><\/a><\/li>\n<\/ul>\n<p><img loading=\"lazy\" decoding=\"async\" src=\"http:\/\/www.sage.pt\/UI\/Pics\/Image\/Utensilios\/bullet_big_02.gif\" alt=\"\" width=\"15\" height=\"15\" \/>\u00a0 <strong>V\u00eddeos<\/strong><\/p>\n<ul>\n<li>Conhe\u00e7a em tutor v\u00eddeo, algumas funcionalidades<br \/>\n<a href=\"http:\/\/www.sage.pt\/Default.aspx?action=ArticleViewer&amp;target=1179&amp;code=3&amp;m=444\">Ver mais&#8230;<\/a> <a href=\"http:\/\/www.sage.pt\/Default.aspx?action=ArticleViewer&amp;target=1179&amp;code=3&amp;m=444\"><img loading=\"lazy\" decoding=\"async\" src=\"http:\/\/www.sage.pt\/UI\/Pics\/Image\/Utensilios\/bt_highlight_open.gif\" alt=\"\" width=\"12\" height=\"12\" border=\"0\" \/><\/a><\/li>\n<\/ul>\n<\/td>\n<\/tr>\n<\/tbody>\n<\/table>\n<hr \/>\n<p><img loading=\"lazy\" decoding=\"async\" src=\"http:\/\/www.sage.pt\/UI\/Pics\/Image\/Utensilios\/bullet_big_02.gif\" alt=\"\" width=\"15\" height=\"15\" \/>\u00a0\u00a0 <a href=\"http:\/\/www.sage.pt\/Default.aspx?action=ArticleViewer&amp;target=888&amp;code=3&amp;m=444\"><strong>Servi\u00e7os SME<\/strong><\/a>\u00a0&#8211; <strong>O\u00a0melhor complemento para a sua Solu\u00e7\u00e3o Sage<br \/>\n<\/strong><br \/>\n<a href=\"http:\/\/www.sage.pt\/Default.aspx?action=ArticleViewer&amp;target=888&amp;code=3&amp;m=444\"><img loading=\"lazy\" decoding=\"async\" src=\"http:\/\/www.sage.pt\/UI\/Pics\/Image\/Logos\/SageCare_Pensamosemsi.gif\" alt=\"\" width=\"175\" height=\"57\" border=\"0\" \/><\/a><\/p>\n","protected":false},"excerpt":{"rendered":"<p>Desenvolvida e projectada para responder eficazmente \u00e0s necessidades do sector do Retalho. A aplica\u00e7\u00e3o Sage GesPOS alterou o seu nome para Sage Retail. O aplicativo<\/p>\n","protected":false},"author":1,"featured_media":0,"parent":39,"menu_order":0,"comment_status":"closed","ping_status":"closed","template":"","meta":{"spay_email":"","footnotes":""},"class_list":["post-115","page","type-page","status-publish","hentry"],"_links":{"self":[{"href":"https:\/\/www.interpc.pt\/index.php?rest_route=\/wp\/v2\/pages\/115","targetHints":{"allow":["GET"]}}],"collection":[{"href":"https:\/\/www.interpc.pt\/index.php?rest_route=\/wp\/v2\/pages"}],"about":[{"href":"https:\/\/www.interpc.pt\/index.php?rest_route=\/wp\/v2\/types\/page"}],"author":[{"embeddable":true,"href":"https:\/\/www.interpc.pt\/index.php?rest_route=\/wp\/v2\/users\/1"}],"replies":[{"embeddable":true,"href":"https:\/\/www.interpc.pt\/index.php?rest_route=%2Fwp%2Fv2%2Fcomments&post=115"}],"version-history":[{"count":1,"href":"https:\/\/www.interpc.pt\/index.php?rest_route=\/wp\/v2\/pages\/115\/revisions"}],"predecessor-version":[{"id":1017,"href":"https:\/\/www.interpc.pt\/index.php?rest_route=\/wp\/v2\/pages\/115\/revisions\/1017"}],"up":[{"embeddable":true,"href":"https:\/\/www.interpc.pt\/index.php?rest_route=\/wp\/v2\/pages\/39"}],"wp:attachment":[{"href":"https:\/\/www.interpc.pt\/index.php?rest_route=%2Fwp%2Fv2%2Fmedia&parent=115"}],"curies":[{"name":"wp","href":"https:\/\/api.w.org\/{rel}","templated":true}]}}