{"id":121,"date":"2012-06-26T11:01:14","date_gmt":"2012-06-26T11:01:14","guid":{"rendered":"http:\/\/tekinformatica.pt\/?page_id=121"},"modified":"2019-10-25T08:20:35","modified_gmt":"2019-10-25T08:20:35","slug":"linha-next","status":"publish","type":"page","link":"https:\/\/www.interpc.pt\/?page_id=121","title":{"rendered":"Sage 50C"},"content":{"rendered":"<p><strong>Uma solu\u00e7\u00e3o \u00e0 medida da sua empresa e que acompanha a evolu\u00e7\u00e3o do seu neg\u00f3cio<\/strong><strong>.<br \/><\/strong><\/p>\n<h2>A gest\u00e3o mais simples do seu neg\u00f3cio, maior controlo, melhores decis\u00f5es, mais produtividade.<\/h2>\n<div class=\"score-hero-body\">Combina a conveni\u00eancia da cloud com a confian\u00e7a do software de fatura\u00e7\u00e3o em desktop. A informa\u00e7\u00e3o cr\u00edtica sobre o neg\u00f3cio sempre dispon\u00edvel.<\/div>\n<div>\u00a0<\/div>\n<div>Prazos mais curtos para a comunica\u00e7\u00e3o mensal da fatura\u00e7\u00e3o \u00e0 AT, fatura com QRcode impresso, faturas sem papel, novas regras para o arquivo eletr\u00f3nico de documentos e possibilidade de destrui\u00e7\u00e3o dos originais s\u00e3o apenas algumas das mudan\u00e7as na fatura\u00e7\u00e3o que o decreto lei 29\/2019 vem trazer \u00e0s empresas e aos seus consumidores.<\/div>\n<p><img loading=\"lazy\" decoding=\"async\" src=\"http:\/\/www.sage.pt\/UI\/Pics\/Image\/Utensilios\/bullet_big_02.gif\" alt=\"\" width=\"15\" height=\"15\" \/>\u00a0\u00a0<a href=\"https:\/\/www.sage.com\/pt-pt\/produtos\/sage-50cloud\/\" rel=\"noopener noreferrer\"><strong>Saiba mais aqui sobre o Sage 50C.<\/strong><\/a><\/p>\n<p>\u00a0<\/p>\n\n\n<figure class=\"wp-block-image is-resized\"><img loading=\"lazy\" decoding=\"async\" src=\"https:\/\/www.interpc.pt\/wp-content\/uploads\/2019\/10\/Sage50cloud.jpg\" alt=\"\" class=\"wp-image-1706\" width=\"500\" height=\"94\" srcset=\"https:\/\/www.interpc.pt\/wp-content\/uploads\/2019\/10\/Sage50cloud.jpg 416w, https:\/\/www.interpc.pt\/wp-content\/uploads\/2019\/10\/Sage50cloud-300x56.jpg 300w\" sizes=\"auto, (max-width: 500px) 100vw, 500px\" \/><\/figure>\n","protected":false},"excerpt":{"rendered":"<p>Uma solu\u00e7\u00e3o \u00e0 medida da sua empresa e que acompanha a evolu\u00e7\u00e3o do seu neg\u00f3cio. A gest\u00e3o mais simples do seu neg\u00f3cio, maior controlo, melhores<\/p>\n","protected":false},"author":1,"featured_media":0,"parent":39,"menu_order":0,"comment_status":"closed","ping_status":"closed","template":"","meta":{"spay_email":"","footnotes":""},"class_list":["post-121","page","type-page","status-publish","hentry"],"_links":{"self":[{"href":"https:\/\/www.interpc.pt\/index.php?rest_route=\/wp\/v2\/pages\/121","targetHints":{"allow":["GET"]}}],"collection":[{"href":"https:\/\/www.interpc.pt\/index.php?rest_route=\/wp\/v2\/pages"}],"about":[{"href":"https:\/\/www.interpc.pt\/index.php?rest_route=\/wp\/v2\/types\/page"}],"author":[{"embeddable":true,"href":"https:\/\/www.interpc.pt\/index.php?rest_route=\/wp\/v2\/users\/1"}],"replies":[{"embeddable":true,"href":"https:\/\/www.interpc.pt\/index.php?rest_route=%2Fwp%2Fv2%2Fcomments&post=121"}],"version-history":[{"count":9,"href":"https:\/\/www.interpc.pt\/index.php?rest_route=\/wp\/v2\/pages\/121\/revisions"}],"predecessor-version":[{"id":1712,"href":"https:\/\/www.interpc.pt\/index.php?rest_route=\/wp\/v2\/pages\/121\/revisions\/1712"}],"up":[{"embeddable":true,"href":"https:\/\/www.interpc.pt\/index.php?rest_route=\/wp\/v2\/pages\/39"}],"wp:attachment":[{"href":"https:\/\/www.interpc.pt\/index.php?rest_route=%2Fwp%2Fv2%2Fmedia&parent=121"}],"curies":[{"name":"wp","href":"https:\/\/api.w.org\/{rel}","templated":true}]}}