{"id":1292,"date":"2019-05-27T15:14:08","date_gmt":"2019-05-27T15:14:08","guid":{"rendered":"http:\/\/www.interpc.pt\/?page_id=1292"},"modified":"2019-05-27T16:02:55","modified_gmt":"2019-05-27T16:02:55","slug":"multimedia","status":"publish","type":"page","link":"https:\/\/www.interpc.pt\/?page_id=1292","title":{"rendered":"Multim\u00e9dia"},"content":{"rendered":"\n<p> Criamos solu\u00e7\u00f5es web distintas que se adaptam ao seu neg\u00f3cio .<br>O  objectivo \u00e9 dar a conhecer o seu neg\u00f3cio on-line, conhe\u00e7a os nossos servi\u00e7os. Fazemos sites a baixo custo. Contacte-nos. <\/p>\n\n\n\n<figure class=\"wp-block-image\"><img loading=\"lazy\" decoding=\"async\" width=\"582\" height=\"257\" src=\"http:\/\/www.interpc.pt\/wp-content\/uploads\/2019\/05\/image.png\" alt=\"\" class=\"wp-image-1297\" srcset=\"https:\/\/www.interpc.pt\/wp-content\/uploads\/2019\/05\/image.png 582w, https:\/\/www.interpc.pt\/wp-content\/uploads\/2019\/05\/image-300x132.png 300w\" sizes=\"auto, (max-width: 582px) 100vw, 582px\" \/><\/figure>\n\n\n\n<figure class=\"wp-block-image\"><img loading=\"lazy\" decoding=\"async\" width=\"600\" height=\"298\" src=\"http:\/\/www.interpc.pt\/wp-content\/uploads\/2019\/05\/image-1.png\" alt=\"\" class=\"wp-image-1298\" srcset=\"https:\/\/www.interpc.pt\/wp-content\/uploads\/2019\/05\/image-1.png 600w, https:\/\/www.interpc.pt\/wp-content\/uploads\/2019\/05\/image-1-300x149.png 300w\" sizes=\"auto, (max-width: 600px) 100vw, 600px\" \/><\/figure>\n\n\n\n<figure class=\"wp-block-image\"><img loading=\"lazy\" decoding=\"async\" width=\"712\" height=\"338\" src=\"http:\/\/www.interpc.pt\/wp-content\/uploads\/2019\/05\/image-2.png\" alt=\"\" class=\"wp-image-1299\" srcset=\"https:\/\/www.interpc.pt\/wp-content\/uploads\/2019\/05\/image-2.png 712w, https:\/\/www.interpc.pt\/wp-content\/uploads\/2019\/05\/image-2-300x142.png 300w\" sizes=\"auto, (max-width: 712px) 100vw, 712px\" \/><\/figure>\n\n\n\n<figure class=\"wp-block-image\"><img loading=\"lazy\" decoding=\"async\" width=\"539\" height=\"362\" src=\"http:\/\/www.interpc.pt\/wp-content\/uploads\/2019\/05\/image-4.png\" alt=\"\" class=\"wp-image-1308\" srcset=\"https:\/\/www.interpc.pt\/wp-content\/uploads\/2019\/05\/image-4.png 539w, https:\/\/www.interpc.pt\/wp-content\/uploads\/2019\/05\/image-4-300x201.png 300w\" sizes=\"auto, (max-width: 539px) 100vw, 539px\" \/><\/figure>\n","protected":false},"excerpt":{"rendered":"<p>Criamos solu\u00e7\u00f5es web distintas que se adaptam ao seu neg\u00f3cio .O objectivo \u00e9 dar a conhecer o seu neg\u00f3cio on-line, conhe\u00e7a os nossos servi\u00e7os. Fazemos<\/p>\n","protected":false},"author":1,"featured_media":0,"parent":0,"menu_order":0,"comment_status":"closed","ping_status":"closed","template":"","meta":{"spay_email":"","footnotes":""},"class_list":["post-1292","page","type-page","status-publish","hentry"],"_links":{"self":[{"href":"https:\/\/www.interpc.pt\/index.php?rest_route=\/wp\/v2\/pages\/1292","targetHints":{"allow":["GET"]}}],"collection":[{"href":"https:\/\/www.interpc.pt\/index.php?rest_route=\/wp\/v2\/pages"}],"about":[{"href":"https:\/\/www.interpc.pt\/index.php?rest_route=\/wp\/v2\/types\/page"}],"author":[{"embeddable":true,"href":"https:\/\/www.interpc.pt\/index.php?rest_route=\/wp\/v2\/users\/1"}],"replies":[{"embeddable":true,"href":"https:\/\/www.interpc.pt\/index.php?rest_route=%2Fwp%2Fv2%2Fcomments&post=1292"}],"version-history":[{"count":3,"href":"https:\/\/www.interpc.pt\/index.php?rest_route=\/wp\/v2\/pages\/1292\/revisions"}],"predecessor-version":[{"id":1309,"href":"https:\/\/www.interpc.pt\/index.php?rest_route=\/wp\/v2\/pages\/1292\/revisions\/1309"}],"wp:attachment":[{"href":"https:\/\/www.interpc.pt\/index.php?rest_route=%2Fwp%2Fv2%2Fmedia&parent=1292"}],"curies":[{"name":"wp","href":"https:\/\/api.w.org\/{rel}","templated":true}]}}