{"id":139,"date":"2012-06-26T15:08:23","date_gmt":"2012-06-26T15:08:23","guid":{"rendered":"http:\/\/tekinformatica.pt\/?page_id=139"},"modified":"2012-06-26T15:08:23","modified_gmt":"2012-06-26T15:08:23","slug":"balancas","status":"publish","type":"page","link":"https:\/\/www.interpc.pt\/?page_id=139","title":{"rendered":"Balan\u00e7as"},"content":{"rendered":"<p><img decoding=\"async\" class=\"alignleft\" src=\"http:\/\/www.ipesa.pt\/imagens_comercial\/Maxima.jpg\" alt=\"\" \/><\/p>\n<p>Uma gama diversificada\u00a0de equipamentos de pesagem para a \u00e1rea comercial.<\/p>\n<p>Criadas com o objectivo de responder \u00e0s crescentes necessidades de informa\u00e7\u00e3o por parte dos utilizadores.<br \/>\nTodos os modelos\u00a0permitem satisfazer as necessidades de controlo de informa\u00e7\u00e3o quer das pequenas e m\u00e9dias lojas at\u00e9 \u00e0s grandes superf\u00edcies.<\/p>\n<p>&nbsp;<\/p>\n<p>\u00a0<img decoding=\"async\" class=\"alignright\" src=\"http:\/\/www.ipesa.pt\/imagens_comercial\/rb100.jpg\" alt=\"\" \/>Um grande leque de op\u00e7\u00f5es (14 modelos diferentes),\u00a0 uma gama extremamente flex\u00edvel abrangendo praticamente qualquer \u00e1rea de neg\u00f3cio, em que a utiliza\u00e7\u00e3o de equipamentos de pesagem seja necess\u00e1ria.<\/p>\n<p>&nbsp;<\/p>\n","protected":false},"excerpt":{"rendered":"<p>Uma gama diversificada\u00a0de equipamentos de pesagem para a \u00e1rea comercial. Criadas com o objectivo de responder \u00e0s crescentes necessidades de informa\u00e7\u00e3o por parte dos utilizadores.<\/p>\n","protected":false},"author":1,"featured_media":0,"parent":24,"menu_order":0,"comment_status":"closed","ping_status":"closed","template":"","meta":{"spay_email":"","footnotes":""},"class_list":["post-139","page","type-page","status-publish","hentry"],"_links":{"self":[{"href":"https:\/\/www.interpc.pt\/index.php?rest_route=\/wp\/v2\/pages\/139","targetHints":{"allow":["GET"]}}],"collection":[{"href":"https:\/\/www.interpc.pt\/index.php?rest_route=\/wp\/v2\/pages"}],"about":[{"href":"https:\/\/www.interpc.pt\/index.php?rest_route=\/wp\/v2\/types\/page"}],"author":[{"embeddable":true,"href":"https:\/\/www.interpc.pt\/index.php?rest_route=\/wp\/v2\/users\/1"}],"replies":[{"embeddable":true,"href":"https:\/\/www.interpc.pt\/index.php?rest_route=%2Fwp%2Fv2%2Fcomments&post=139"}],"version-history":[{"count":0,"href":"https:\/\/www.interpc.pt\/index.php?rest_route=\/wp\/v2\/pages\/139\/revisions"}],"up":[{"embeddable":true,"href":"https:\/\/www.interpc.pt\/index.php?rest_route=\/wp\/v2\/pages\/24"}],"wp:attachment":[{"href":"https:\/\/www.interpc.pt\/index.php?rest_route=%2Fwp%2Fv2%2Fmedia&parent=139"}],"curies":[{"name":"wp","href":"https:\/\/api.w.org\/{rel}","templated":true}]}}