{"id":143,"date":"2012-06-26T15:10:35","date_gmt":"2012-06-26T15:10:35","guid":{"rendered":"http:\/\/tekinformatica.pt\/?page_id=143"},"modified":"2014-09-08T10:51:51","modified_gmt":"2014-09-08T10:51:51","slug":"registadoras","status":"publish","type":"page","link":"https:\/\/www.interpc.pt\/?page_id=143","title":{"rendered":"Registadoras"},"content":{"rendered":"<p><img loading=\"lazy\" decoding=\"async\" id=\"productimage-0\" class=\"alignleft\" src=\"http:\/\/www.staples.pt\/Imagem.ashx?file=17330&amp;alt=250&amp;larg=250\" alt=\"Registadora Olivetti ECR 7700\" width=\"250\" height=\"250\" \/><\/p>\n<h1>OLIVETTI ECR-7700 Caixa Registadora<\/h1>\n<div><\/div>\n<div>\n<p>Marca: Olivetti<br \/>\nDepartamentos: 14<br \/>\nPLU&#8217;s: At\u00e9 400<br \/>\nTaxas de IVA: 4 tipos Iva (+ sem IVA)<br \/>\nN\u00ba Empregados: 8<br \/>\nGaveta (moedas\/notas): 8 Moedas \/ 3+1 Notas<br \/>\nImpress\u00e3o: T\u00e9rmica<br \/>\nMedida do Papel: 57x60x11 mm<br \/>\nModos de pagamento: 4<br \/>\nRolo de controlo: di\u00e1rio electr\u00f3nico<\/p>\n<p>Presta\u00e7\u00f5es avan\u00e7adas:<br \/>\n&#8211; decimais<br \/>\n&#8211; IVA add on\/in<br \/>\n&#8211; Impress\u00e3o de recibo on\/off e repeti\u00e7\u00e3o de recibo<br \/>\n&#8211; departamento negativo<br \/>\n&#8211; MODO TREINO<br \/>\n&#8211; Cambios<\/p>\n<p>Programa\u00e7\u00e3o:<br \/>\n6 Linhas de cabe\u00e7alho<br \/>\n4 Linhas de Rodap\u00e9<br \/>\n24 caracteres por linha<\/p>\n<\/div>\n","protected":false},"excerpt":{"rendered":"<p>OLIVETTI ECR-7700 Caixa Registadora Marca: Olivetti Departamentos: 14 PLU&#8217;s: At\u00e9 400 Taxas de IVA: 4 tipos Iva (+ sem IVA) N\u00ba Empregados: 8 Gaveta (moedas\/notas):<\/p>\n","protected":false},"author":1,"featured_media":0,"parent":24,"menu_order":0,"comment_status":"closed","ping_status":"closed","template":"","meta":{"spay_email":"","footnotes":""},"class_list":["post-143","page","type-page","status-publish","hentry"],"_links":{"self":[{"href":"https:\/\/www.interpc.pt\/index.php?rest_route=\/wp\/v2\/pages\/143","targetHints":{"allow":["GET"]}}],"collection":[{"href":"https:\/\/www.interpc.pt\/index.php?rest_route=\/wp\/v2\/pages"}],"about":[{"href":"https:\/\/www.interpc.pt\/index.php?rest_route=\/wp\/v2\/types\/page"}],"author":[{"embeddable":true,"href":"https:\/\/www.interpc.pt\/index.php?rest_route=\/wp\/v2\/users\/1"}],"replies":[{"embeddable":true,"href":"https:\/\/www.interpc.pt\/index.php?rest_route=%2Fwp%2Fv2%2Fcomments&post=143"}],"version-history":[{"count":1,"href":"https:\/\/www.interpc.pt\/index.php?rest_route=\/wp\/v2\/pages\/143\/revisions"}],"predecessor-version":[{"id":820,"href":"https:\/\/www.interpc.pt\/index.php?rest_route=\/wp\/v2\/pages\/143\/revisions\/820"}],"up":[{"embeddable":true,"href":"https:\/\/www.interpc.pt\/index.php?rest_route=\/wp\/v2\/pages\/24"}],"wp:attachment":[{"href":"https:\/\/www.interpc.pt\/index.php?rest_route=%2Fwp%2Fv2%2Fmedia&parent=143"}],"curies":[{"name":"wp","href":"https:\/\/api.w.org\/{rel}","templated":true}]}}