{"id":1553,"date":"2019-10-18T15:12:48","date_gmt":"2019-10-18T15:12:48","guid":{"rendered":"https:\/\/www.interpc.pt\/?page_id=1553"},"modified":"2019-10-18T15:16:34","modified_gmt":"2019-10-18T15:16:34","slug":"dicas-sage","status":"publish","type":"page","link":"https:\/\/www.interpc.pt\/?page_id=1553","title":{"rendered":"Dicas Sage"},"content":{"rendered":"\n<p><strong><a href=\"https:\/\/suportesage.zendesk.com\/hc\/pt\/articles\/203615586-5GEP-Declara\u00e7\u00e3o-de-Remunera\u00e7\u00f5es-para-Seguradoras\">5GEP &#8211; Declara\u00e7\u00e3o de Remunera\u00e7\u00f5es para Seguradoras<\/a><\/strong><\/p>\n","protected":false},"excerpt":{"rendered":"<p>5GEP &#8211; Declara\u00e7\u00e3o de Remunera\u00e7\u00f5es para Seguradoras<\/p>\n","protected":false},"author":1,"featured_media":0,"parent":0,"menu_order":0,"comment_status":"closed","ping_status":"closed","template":"","meta":{"spay_email":"","footnotes":""},"class_list":["post-1553","page","type-page","status-publish","hentry"],"_links":{"self":[{"href":"https:\/\/www.interpc.pt\/index.php?rest_route=\/wp\/v2\/pages\/1553","targetHints":{"allow":["GET"]}}],"collection":[{"href":"https:\/\/www.interpc.pt\/index.php?rest_route=\/wp\/v2\/pages"}],"about":[{"href":"https:\/\/www.interpc.pt\/index.php?rest_route=\/wp\/v2\/types\/page"}],"author":[{"embeddable":true,"href":"https:\/\/www.interpc.pt\/index.php?rest_route=\/wp\/v2\/users\/1"}],"replies":[{"embeddable":true,"href":"https:\/\/www.interpc.pt\/index.php?rest_route=%2Fwp%2Fv2%2Fcomments&post=1553"}],"version-history":[{"count":2,"href":"https:\/\/www.interpc.pt\/index.php?rest_route=\/wp\/v2\/pages\/1553\/revisions"}],"predecessor-version":[{"id":1557,"href":"https:\/\/www.interpc.pt\/index.php?rest_route=\/wp\/v2\/pages\/1553\/revisions\/1557"}],"wp:attachment":[{"href":"https:\/\/www.interpc.pt\/index.php?rest_route=%2Fwp%2Fv2%2Fmedia&parent=1553"}],"curies":[{"name":"wp","href":"https:\/\/api.w.org\/{rel}","templated":true}]}}