{"id":160,"date":"2012-06-26T15:27:44","date_gmt":"2012-06-26T15:27:44","guid":{"rendered":"http:\/\/tekinformatica.pt\/?page_id=160"},"modified":"2019-10-14T17:28:08","modified_gmt":"2019-10-14T17:28:08","slug":"p-o-s","status":"publish","type":"page","link":"https:\/\/www.interpc.pt\/?page_id=160","title":{"rendered":"P.O.S"},"content":{"rendered":"\n<p> Combina um design elegante e profissional com caracter\u00edsticas de alto desempenho. <strong>O ZQ-T8350<\/strong> \u00e9 um terminal POS com uma estrutura de alum\u00ednio e um ecr\u00e3 t\u00e1ctil plano de 15 &#8220;com um \u00e2ngulo de ajuste de 85\u00ba , resistente \u00e0 poeira e salpicos de \u00e1gua, ideal para suportar o trabalho di\u00e1rio nas condi\u00e7\u00f5es mais exigentes e adversas. \u2666 Caracterizado pelo seu ecr\u00e3 t\u00e1ctil de 15&#8221; plano (sem moldura). \u2666 Baseado no mais recente processador da Intel\u00ae Bay Trail J1900 2.0GHz. \u2666 Disco mSATA SSD de 64GB e mem\u00f3ria RAM de 2GB DDRIII. Aproveite os benef\u00edcios de um equipamento profissional em uma solu\u00e7\u00e3o econ\u00f4mica, sem comprometer o desempenho <\/p>\n\n\n\n<p><\/p>\n\n\n\n<p><\/p>\n\n\n\n<p><\/p>\n\n\n\n<div class=\"alignnormal\"><div id=\"metaslider-id-973\" style=\"max-width: 300px;\" class=\"ml-slider-3-27-5 metaslider metaslider-nivo metaslider-973 ml-slider\">\n    <div id=\"metaslider_container_973\">\n        <div class='slider-wrapper theme-default'><div class='ribbon'><\/div><div id='metaslider_973' class='nivoSlider'><img loading=\"lazy\" decoding=\"async\" src=\"https:\/\/www.interpc.pt\/wp-content\/uploads\/2014\/07\/pos-300x300.png\" height=\"300\" width=\"300\" title=\"pos\" alt=\"\" class=\"slider-973 slide-1525\" \/><img loading=\"lazy\" decoding=\"async\" src=\"https:\/\/www.interpc.pt\/wp-content\/uploads\/2019\/10\/pos3-300x300.jpg\" height=\"300\" width=\"300\" title=\"pos3\" alt=\"\" class=\"slider-973 slide-1526\" \/><img loading=\"lazy\" decoding=\"async\" src=\"https:\/\/www.interpc.pt\/wp-content\/uploads\/2019\/10\/pos4-300x300.jpg\" height=\"300\" width=\"300\" title=\"pos4\" alt=\"\" class=\"slider-973 slide-1528\" \/><img loading=\"lazy\" decoding=\"async\" src=\"https:\/\/www.interpc.pt\/wp-content\/uploads\/2019\/10\/pos2-300x300.jpg\" height=\"300\" width=\"300\" title=\"pos2\" alt=\"\" class=\"slider-973 slide-1530\" \/><img loading=\"lazy\" decoding=\"async\" src=\"https:\/\/www.interpc.pt\/wp-content\/uploads\/2019\/10\/pos5-300x300.jpg\" height=\"300\" width=\"300\" title=\"pos5\" alt=\"\" class=\"slider-973 slide-1532\" \/><\/div><\/div>\n        \n    <\/div>\n<\/div><\/div>\n","protected":false},"excerpt":{"rendered":"<p>Combina um design elegante e profissional com caracter\u00edsticas de alto desempenho. O ZQ-T8350 \u00e9 um terminal POS com uma estrutura de alum\u00ednio e um ecr\u00e3<\/p>\n","protected":false},"author":1,"featured_media":0,"parent":24,"menu_order":0,"comment_status":"closed","ping_status":"closed","template":"","meta":{"spay_email":"","footnotes":""},"class_list":["post-160","page","type-page","status-publish","hentry"],"_links":{"self":[{"href":"https:\/\/www.interpc.pt\/index.php?rest_route=\/wp\/v2\/pages\/160","targetHints":{"allow":["GET"]}}],"collection":[{"href":"https:\/\/www.interpc.pt\/index.php?rest_route=\/wp\/v2\/pages"}],"about":[{"href":"https:\/\/www.interpc.pt\/index.php?rest_route=\/wp\/v2\/types\/page"}],"author":[{"embeddable":true,"href":"https:\/\/www.interpc.pt\/index.php?rest_route=\/wp\/v2\/users\/1"}],"replies":[{"embeddable":true,"href":"https:\/\/www.interpc.pt\/index.php?rest_route=%2Fwp%2Fv2%2Fcomments&post=160"}],"version-history":[{"count":9,"href":"https:\/\/www.interpc.pt\/index.php?rest_route=\/wp\/v2\/pages\/160\/revisions"}],"predecessor-version":[{"id":1544,"href":"https:\/\/www.interpc.pt\/index.php?rest_route=\/wp\/v2\/pages\/160\/revisions\/1544"}],"up":[{"embeddable":true,"href":"https:\/\/www.interpc.pt\/index.php?rest_route=\/wp\/v2\/pages\/24"}],"wp:attachment":[{"href":"https:\/\/www.interpc.pt\/index.php?rest_route=%2Fwp%2Fv2%2Fmedia&parent=160"}],"curies":[{"name":"wp","href":"https:\/\/api.w.org\/{rel}","templated":true}]}}