{"id":1635,"date":"2019-10-23T10:52:10","date_gmt":"2019-10-23T10:52:10","guid":{"rendered":"https:\/\/www.interpc.pt\/?page_id=1635"},"modified":"2019-10-24T16:40:05","modified_gmt":"2019-10-24T16:40:05","slug":"xd-rest","status":"publish","type":"page","link":"https:\/\/www.interpc.pt\/?page_id=1635","title":{"rendered":"XD REST"},"content":{"rendered":"\n<p><\/p>\n\n\n\n<div class=\"wp-block-media-text alignwide is-stacked-on-mobile\" style=\"grid-template-columns:42% auto\"><figure class=\"wp-block-media-text__media\"><img loading=\"lazy\" decoding=\"async\" width=\"176\" height=\"300\" src=\"https:\/\/www.interpc.pt\/wp-content\/uploads\/2019\/10\/2015-xd-rest-1_new-176x300.png\" alt=\"\" class=\"wp-image-1672\" srcset=\"https:\/\/www.interpc.pt\/wp-content\/uploads\/2019\/10\/2015-xd-rest-1_new-176x300.png 176w, https:\/\/www.interpc.pt\/wp-content\/uploads\/2019\/10\/2015-xd-rest-1_new.png 200w\" sizes=\"auto, (max-width: 176px) 100vw, 176px\" \/><\/figure><div class=\"wp-block-media-text__content\">\n<p style=\"font-size:25px\">Caf\u00e9s e restaurantes o XD REST \u00e9 o ideal. O mais completo Software do mercado para gest\u00e3o de Restaurantes, Cafetarias, Pizzarias e Confeitaria, preparado para as mais complexas configura\u00e7\u00f5es dos estabelecimentos. <\/p>\n\n\n\n<p><\/p>\n\n\n\n<div class=\"wp-block-button alignright is-style-outline is-style-outline--1\"><a class=\"wp-block-button__link has-text-color has-very-dark-gray-color has-background has-very-light-gray-background-color\" href=\"https:\/\/www.xdsoftware.pt\/solucoes-xd\/ponto-de-venda\/xd-rest\">Saiba mais<\/a><\/div>\n<\/div><\/div>\n\n\n\n<p><\/p>\n","protected":false},"excerpt":{"rendered":"","protected":false},"author":1,"featured_media":0,"parent":0,"menu_order":0,"comment_status":"closed","ping_status":"closed","template":"","meta":{"spay_email":"","footnotes":""},"class_list":["post-1635","page","type-page","status-publish","hentry"],"_links":{"self":[{"href":"https:\/\/www.interpc.pt\/index.php?rest_route=\/wp\/v2\/pages\/1635","targetHints":{"allow":["GET"]}}],"collection":[{"href":"https:\/\/www.interpc.pt\/index.php?rest_route=\/wp\/v2\/pages"}],"about":[{"href":"https:\/\/www.interpc.pt\/index.php?rest_route=\/wp\/v2\/types\/page"}],"author":[{"embeddable":true,"href":"https:\/\/www.interpc.pt\/index.php?rest_route=\/wp\/v2\/users\/1"}],"replies":[{"embeddable":true,"href":"https:\/\/www.interpc.pt\/index.php?rest_route=%2Fwp%2Fv2%2Fcomments&post=1635"}],"version-history":[{"count":25,"href":"https:\/\/www.interpc.pt\/index.php?rest_route=\/wp\/v2\/pages\/1635\/revisions"}],"predecessor-version":[{"id":1692,"href":"https:\/\/www.interpc.pt\/index.php?rest_route=\/wp\/v2\/pages\/1635\/revisions\/1692"}],"wp:attachment":[{"href":"https:\/\/www.interpc.pt\/index.php?rest_route=%2Fwp%2Fv2%2Fmedia&parent=1635"}],"curies":[{"name":"wp","href":"https:\/\/api.w.org\/{rel}","templated":true}]}}