{"id":1657,"date":"2019-10-24T16:12:30","date_gmt":"2019-10-24T16:12:30","guid":{"rendered":"https:\/\/www.interpc.pt\/?page_id=1657"},"modified":"2019-10-24T17:27:45","modified_gmt":"2019-10-24T17:27:45","slug":"xd-spa","status":"publish","type":"page","link":"https:\/\/www.interpc.pt\/?page_id=1657","title":{"rendered":"XD SPA"},"content":{"rendered":"\n<div class=\"wp-block-media-text alignwide\"><figure class=\"wp-block-media-text__media\"><img loading=\"lazy\" decoding=\"async\" width=\"200\" height=\"340\" src=\"https:\/\/www.interpc.pt\/wp-content\/uploads\/2019\/10\/xd-spa-1.png\" alt=\"\" class=\"wp-image-1658\" srcset=\"https:\/\/www.interpc.pt\/wp-content\/uploads\/2019\/10\/xd-spa-1.png 200w, https:\/\/www.interpc.pt\/wp-content\/uploads\/2019\/10\/xd-spa-1-176x300.png 176w\" sizes=\"auto, (max-width: 200px) 100vw, 200px\" \/><\/figure><div class=\"wp-block-media-text__content\">\n<p style=\"font-size:25px\">A solu\u00e7\u00e3o mais completa do mercado para gerir o seu Instituto de Beleza, SPA ou Cabeleireiro.<br>XD SPA foi desenvolvido especialmente para as necessidades dos Sal\u00f5es de beleza e SPA com funcionalidades indispens\u00e1veis para a gest\u00e3o do seu neg\u00f3cio. <\/p>\n\n\n\n<h3 class=\"wp-block-heading\"><a href=\"http:\/\/xdsoftware.pt\/XD-Spa\/ \">Saiba mais<\/a><\/h3>\n<\/div><\/div>\n\n\n\n<p><\/p>\n\n\n\n<p><\/p>\n","protected":false},"excerpt":{"rendered":"<p>A solu\u00e7\u00e3o mais completa do mercado para gerir o seu Instituto de Beleza, SPA ou Cabeleireiro.XD SPA foi desenvolvido especialmente para as necessidades dos Sal\u00f5es<\/p>\n","protected":false},"author":1,"featured_media":0,"parent":0,"menu_order":0,"comment_status":"closed","ping_status":"closed","template":"","meta":{"spay_email":"","footnotes":""},"class_list":["post-1657","page","type-page","status-publish","hentry"],"_links":{"self":[{"href":"https:\/\/www.interpc.pt\/index.php?rest_route=\/wp\/v2\/pages\/1657","targetHints":{"allow":["GET"]}}],"collection":[{"href":"https:\/\/www.interpc.pt\/index.php?rest_route=\/wp\/v2\/pages"}],"about":[{"href":"https:\/\/www.interpc.pt\/index.php?rest_route=\/wp\/v2\/types\/page"}],"author":[{"embeddable":true,"href":"https:\/\/www.interpc.pt\/index.php?rest_route=\/wp\/v2\/users\/1"}],"replies":[{"embeddable":true,"href":"https:\/\/www.interpc.pt\/index.php?rest_route=%2Fwp%2Fv2%2Fcomments&post=1657"}],"version-history":[{"count":20,"href":"https:\/\/www.interpc.pt\/index.php?rest_route=\/wp\/v2\/pages\/1657\/revisions"}],"predecessor-version":[{"id":1705,"href":"https:\/\/www.interpc.pt\/index.php?rest_route=\/wp\/v2\/pages\/1657\/revisions\/1705"}],"wp:attachment":[{"href":"https:\/\/www.interpc.pt\/index.php?rest_route=%2Fwp%2Fv2%2Fmedia&parent=1657"}],"curies":[{"name":"wp","href":"https:\/\/api.w.org\/{rel}","templated":true}]}}