{"id":382,"date":"2013-05-11T09:21:19","date_gmt":"2013-05-11T09:21:19","guid":{"rendered":"http:\/\/tekinformatica.pt\/?page_id=382"},"modified":"2019-09-26T07:54:55","modified_gmt":"2019-09-26T07:54:55","slug":"tekxdrest","status":"publish","type":"page","link":"https:\/\/www.interpc.pt\/?page_id=382","title":{"rendered":"Xd Software"},"content":{"rendered":"<p>Software para Restaura\u00e7\u00e3o<\/p>\n<p>Aposte num programa que responde&nbsp;\u00e0s suas necessidades.<\/p>\n<p>Compat\u00edveis com os sistemas operativos Windows, Linux e Mac OS X, o XDPOS e XDREST est\u00e3o certificadas pela Autoridade Tribut\u00e1ria (AT) cumprindo assim toda a legisla\u00e7\u00e3o em vigor no que respeita \u00e0 utiliza\u00e7\u00e3o de software de factura\u00e7\u00e3o.<\/p>\n<p><img loading=\"lazy\" decoding=\"async\" class=\"size-medium wp-image-425 alignleft\" alt=\"logogrande\" src=\"http:\/\/interpc.pt\/wp-content\/uploads\/2013\/05\/logogrande-300x300.png\" width=\"300\" height=\"300\" srcset=\"https:\/\/www.interpc.pt\/wp-content\/uploads\/2013\/05\/logogrande-300x300.png 300w, https:\/\/www.interpc.pt\/wp-content\/uploads\/2013\/05\/logogrande-150x150.png 150w, https:\/\/www.interpc.pt\/wp-content\/uploads\/2013\/05\/logogrande-1024x1024.png 1024w, https:\/\/www.interpc.pt\/wp-content\/uploads\/2013\/05\/logogrande-520x520.png 520w, https:\/\/www.interpc.pt\/wp-content\/uploads\/2013\/05\/logogrande-114x114.png 114w, https:\/\/www.interpc.pt\/wp-content\/uploads\/2013\/05\/logogrande.png 1181w\" sizes=\"auto, (max-width: 300px) 100vw, 300px\" \/>Entre outros detalhes, o XD merece especial destaque uma vez que ser\u00e1 talvez a \u00fanica empresa a produzir, em Portugal, uma aplica\u00e7\u00e3o de factura\u00e7\u00e3o desenhada de raiz, para ponto de venda, compat\u00edvel com Mac OS X.<\/p>\n<p>&nbsp;<\/p>\n<p>&nbsp;<\/p>\n<p>No que toca a plataformas, para al\u00e9m dos 3 sistemas anteriormente referidos, a XD desenvolve ainda aplica\u00e7\u00f5es que integram com o XDREST, que correm em Android e iOS. Por exemplo, num restaurante, existe a possibilidade de entregar ao cliente um Tablet, onde este poder\u00e1 visualizar o card\u00e1pio, e efectuar a escolha&nbsp; dos produtos que ser\u00e3o directamente enviados&nbsp;para o sistema central.<\/p>\n<p>&nbsp;<\/p>\n<p>&nbsp;<\/p>\n","protected":false},"excerpt":{"rendered":"<p>Software para Restaura\u00e7\u00e3o Aposte num programa que responde&nbsp;\u00e0s suas necessidades. Compat\u00edveis com os sistemas operativos Windows, Linux e Mac OS X, o XDPOS e XDREST<\/p>\n","protected":false},"author":1,"featured_media":0,"parent":0,"menu_order":8,"comment_status":"closed","ping_status":"closed","template":"","meta":{"spay_email":"","footnotes":""},"class_list":["post-382","page","type-page","status-publish","hentry"],"_links":{"self":[{"href":"https:\/\/www.interpc.pt\/index.php?rest_route=\/wp\/v2\/pages\/382","targetHints":{"allow":["GET"]}}],"collection":[{"href":"https:\/\/www.interpc.pt\/index.php?rest_route=\/wp\/v2\/pages"}],"about":[{"href":"https:\/\/www.interpc.pt\/index.php?rest_route=\/wp\/v2\/types\/page"}],"author":[{"embeddable":true,"href":"https:\/\/www.interpc.pt\/index.php?rest_route=\/wp\/v2\/users\/1"}],"replies":[{"embeddable":true,"href":"https:\/\/www.interpc.pt\/index.php?rest_route=%2Fwp%2Fv2%2Fcomments&post=382"}],"version-history":[{"count":2,"href":"https:\/\/www.interpc.pt\/index.php?rest_route=\/wp\/v2\/pages\/382\/revisions"}],"predecessor-version":[{"id":1379,"href":"https:\/\/www.interpc.pt\/index.php?rest_route=\/wp\/v2\/pages\/382\/revisions\/1379"}],"wp:attachment":[{"href":"https:\/\/www.interpc.pt\/index.php?rest_route=%2Fwp%2Fv2%2Fmedia&parent=382"}],"curies":[{"name":"wp","href":"https:\/\/api.w.org\/{rel}","templated":true}]}}