{"id":447,"date":"2013-10-14T13:40:25","date_gmt":"2013-10-14T13:40:25","guid":{"rendered":"http:\/\/tekinformatica.pt\/?page_id=447"},"modified":"2021-03-27T09:54:48","modified_gmt":"2021-03-27T09:54:48","slug":"tek-2-2","status":"publish","type":"page","link":"https:\/\/www.interpc.pt\/","title":{"rendered":"INTERpc"},"content":{"rendered":"<p><strong><a title=\"SAGE\" href=\"http:\/\/www.sage.pt\" target=\"_blank\" rel=\"noopener noreferrer\"><br \/>\n<img loading=\"lazy\" decoding=\"async\" class=\"alignright wp-image-540\" src=\"http:\/\/interpc.pt\/wp-content\/uploads\/2013\/12\/cropped-BusinessPartnerProfessional_neg_web1.jpg\" alt=\"cropped-BusinessPartnerProfessional_neg_web1.jpg\" width=\"535\" height=\"109\" srcset=\"https:\/\/www.interpc.pt\/wp-content\/uploads\/2013\/12\/cropped-BusinessPartnerProfessional_neg_web1.jpg 1440w, https:\/\/www.interpc.pt\/wp-content\/uploads\/2013\/12\/cropped-BusinessPartnerProfessional_neg_web1-300x61.jpg 300w, https:\/\/www.interpc.pt\/wp-content\/uploads\/2013\/12\/cropped-BusinessPartnerProfessional_neg_web1-1024x209.jpg 1024w, https:\/\/www.interpc.pt\/wp-content\/uploads\/2013\/12\/cropped-BusinessPartnerProfessional_neg_web1-250x51.jpg 250w\" sizes=\"auto, (max-width: 535px) 100vw, 535px\" \/><\/a><\/strong><\/p>\n<p><strong>INTERPC Inform\u00e1tica<\/strong><\/p>\n<p><strong> Um novo conceito<\/strong><\/p>\n<p>Inform\u00e1tica de Proximidade<\/p>\n<p>______________________________________________________________________________<\/p>\n<p><strong>INTERpc parceiros de\u00a0 software \u00a0Sage e XD .\u00a0<\/strong><\/p>\n<p>Dispomos de solu\u00e7\u00f5es actuais e inovadoras de qualidade superior na \u00e1rea de Software de gest\u00e3o comercial, administrativa e POS.<\/p>\n<p>Prestamos servi\u00e7os personalizados como\u00a0repara\u00e7\u00f5es em todo o tipo de Hardware e configura\u00e7\u00e3o\/manuten\u00e7\u00e3o de Redes estruturadas Windows. Temos parcerias tamb\u00e9m em Web Design e fazemos registos e alojamento de sites.<\/p>\n<h3 style=\"text-align: left;\">\u00a0 \u00a0 \u00a0 \u00a0 \u00a0 \u00a0 \u00a0 \u00a0 \u00a0 \u00a0 \u00a0 \u00a0 \u00a0 \u00a0 \u00a0 \u00a0 \u00a0 \u00a0 \u00a0 Desde 1986<\/h3>\n<h3 style=\"text-align: left;\">\u00a0 \u00a0 \u00a0 \u00a0 \u00a0 \u00a0 \u00a0 \u00a0 \u00a0 \u00a0 \u00a0 \u00a0 \u00a0 35 ANOS AO SEU SERVI\u00c7O<\/h3>\n<h3 style=\"text-align: left;\">\u00a0 \u00a0 \u00a0 \u00a0 \u00a0 \u00a0 \u00a0 \u00a0 \u00a0 Experi\u00eancia colocada \u00e0 sua \u00a0disposi\u00e7\u00e3o.<\/h3>\n<p>N\u00f3s, equipa\u00a0<strong>INTERpc<\/strong>, preocupamo-nos n\u00e3o s\u00f3 com os resultados obtidos, mas tamb\u00e9m com os meios e posteriormente os custos para os atingir.<\/p>\n<p style=\"text-align: center;\">Da\u00ed o nosso lema\u00a0<strong>melhor servi\u00e7o menor custo<\/strong>.<\/p>\n<p><strong>\u00a0 \u00a0 \u00a0 \u00a0 \u00a0 \u00a0 \u00a0 \u00a0 \u00a0 \u00a0 \u00a0 \u00a0 \u00a0 \u00a0 \u00a0 \u00a0 \u00a0 \u00a0 \u00a0 \u00a0 \u00a0 \u00a0 \u00a0 \u00a0 \u00a0 \u00a0 \u00a0 \u00a0 \u00a0 \u00a0 \u00a0 \u00a0 \u00a0 \u00a0 \u00a0 \u00a0INFORM\u00c1TICA DE PROXIMIDADE<\/strong><\/p>\n<p><a href=\"mailto:geral@interpc.pt?Subject=Solicito uma visita tecnica \/ comercial\">Solicite uma visita<\/a>\u00a0t\u00e9cnica \/ comercial sem qualquer compromisso quer a sua quest\u00e3o esteja relacionada com assist\u00eancia inform\u00e1tica ou para apresentarmos as melhores solu\u00e7\u00f5es de gest\u00e3o para a sua empresa<\/p>\n","protected":false},"excerpt":{"rendered":"<p>INTERPC Inform\u00e1tica Um novo conceito Inform\u00e1tica de Proximidade ______________________________________________________________________________ INTERpc parceiros de\u00a0 software \u00a0Sage e XD .\u00a0 Dispomos de solu\u00e7\u00f5es actuais e inovadoras de qualidade<\/p>\n","protected":false},"author":1,"featured_media":0,"parent":0,"menu_order":1,"comment_status":"closed","ping_status":"closed","template":"","meta":{"spay_email":"","footnotes":""},"class_list":["post-447","page","type-page","status-publish","hentry"],"_links":{"self":[{"href":"https:\/\/www.interpc.pt\/index.php?rest_route=\/wp\/v2\/pages\/447","targetHints":{"allow":["GET"]}}],"collection":[{"href":"https:\/\/www.interpc.pt\/index.php?rest_route=\/wp\/v2\/pages"}],"about":[{"href":"https:\/\/www.interpc.pt\/index.php?rest_route=\/wp\/v2\/types\/page"}],"author":[{"embeddable":true,"href":"https:\/\/www.interpc.pt\/index.php?rest_route=\/wp\/v2\/users\/1"}],"replies":[{"embeddable":true,"href":"https:\/\/www.interpc.pt\/index.php?rest_route=%2Fwp%2Fv2%2Fcomments&post=447"}],"version-history":[{"count":75,"href":"https:\/\/www.interpc.pt\/index.php?rest_route=\/wp\/v2\/pages\/447\/revisions"}],"predecessor-version":[{"id":1831,"href":"https:\/\/www.interpc.pt\/index.php?rest_route=\/wp\/v2\/pages\/447\/revisions\/1831"}],"wp:attachment":[{"href":"https:\/\/www.interpc.pt\/index.php?rest_route=%2Fwp%2Fv2%2Fmedia&parent=447"}],"curies":[{"name":"wp","href":"https:\/\/api.w.org\/{rel}","templated":true}]}}