{"id":579,"date":"2012-06-14T11:31:21","date_gmt":"2012-06-14T11:31:21","guid":{"rendered":"http:\/\/tekinformatica.pt\/?page_id=2"},"modified":"2016-08-01T11:00:57","modified_gmt":"2016-08-01T11:00:57","slug":"pagina-exemplo-2","status":"publish","type":"page","link":"https:\/\/www.interpc.pt\/?page_id=579","title":{"rendered":"T\u00e9cnica"},"content":{"rendered":"<p>TECnica &#8211; By\u00a0INTERpc.pt<\/p>\n<p><img loading=\"lazy\" decoding=\"async\" class=\"alignleft\" src=\"http:\/\/t2.gstatic.com\/images?q=tbn:ANd9GcTFg_oRiP83SJZYkavo7QrfB7-D_tNtxUgbo0AGrkcgjaQAiky-gB_AF6BAlw\" alt=\"\" width=\"156\" height=\"155\" name=\"2Hmivj66BCBBXM:\" data-src=\"http:\/\/t2.gstatic.com\/images?q=tbn:ANd9GcTFg_oRiP83SJZYkavo7QrfB7-D_tNtxUgbo0AGrkcgjaQAiky-gB_AF6BAlw\" \/><\/p>\n<p>Repara\u00e7\u00e3o de computadores, impressoras, monitores,\u00a0registadoras e balan\u00e7as.<\/p>\n<p>Repara\u00e7\u00f5es na hora (dependendo dos equipamentos)<\/p>\n<p>Or\u00e7amentos gratuitos, consulte-nos \u00a0&#8211;\u00a0 <a href=\"mailto:geral@interpc.pt\">geral@interpc.pt<\/a><\/p>\n<p>&nbsp;<\/p>\n","protected":false},"excerpt":{"rendered":"<p>TECnica &#8211; By\u00a0INTERpc.pt Repara\u00e7\u00e3o de computadores, impressoras, monitores,\u00a0registadoras e balan\u00e7as. Repara\u00e7\u00f5es na hora (dependendo dos equipamentos) Or\u00e7amentos gratuitos, consulte-nos \u00a0&#8211;\u00a0 geral@interpc.pt &nbsp;<\/p>\n","protected":false},"author":1,"featured_media":0,"parent":0,"menu_order":2,"comment_status":"closed","ping_status":"closed","template":"","meta":{"spay_email":"","footnotes":""},"class_list":["post-579","page","type-page","status-publish","hentry"],"_links":{"self":[{"href":"https:\/\/www.interpc.pt\/index.php?rest_route=\/wp\/v2\/pages\/579","targetHints":{"allow":["GET"]}}],"collection":[{"href":"https:\/\/www.interpc.pt\/index.php?rest_route=\/wp\/v2\/pages"}],"about":[{"href":"https:\/\/www.interpc.pt\/index.php?rest_route=\/wp\/v2\/types\/page"}],"author":[{"embeddable":true,"href":"https:\/\/www.interpc.pt\/index.php?rest_route=\/wp\/v2\/users\/1"}],"replies":[{"embeddable":true,"href":"https:\/\/www.interpc.pt\/index.php?rest_route=%2Fwp%2Fv2%2Fcomments&post=579"}],"version-history":[{"count":4,"href":"https:\/\/www.interpc.pt\/index.php?rest_route=\/wp\/v2\/pages\/579\/revisions"}],"predecessor-version":[{"id":819,"href":"https:\/\/www.interpc.pt\/index.php?rest_route=\/wp\/v2\/pages\/579\/revisions\/819"}],"wp:attachment":[{"href":"https:\/\/www.interpc.pt\/index.php?rest_route=%2Fwp%2Fv2%2Fmedia&parent=579"}],"curies":[{"name":"wp","href":"https:\/\/api.w.org\/{rel}","templated":true}]}}